{"id":828,"date":"2021-02-05T16:55:16","date_gmt":"2021-02-05T22:55:16","guid":{"rendered":"https:\/\/industrialomega.com\/tienda-en-linea\/?post_type=product&#038;p=828"},"modified":"2021-02-06T11:08:30","modified_gmt":"2021-02-06T17:08:30","slug":"generador-monofasico-diesel","status":"publish","type":"product","link":"https:\/\/industrialomega.com\/tienda-en-linea\/producto\/generador-monofasico-diesel\/","title":{"rendered":"Generador Monof\u00e1sico Diesel 7000 Watts"},"content":{"rendered":"","protected":false},"excerpt":{"rendered":"<ul>\n<li>C\u00f3digo de producto: G75MD1200THAE<\/li>\n<li>Marca del Motor: Thunder<\/li>\n<li>Encendido: Arranque electrico \/ Manual<\/li>\n<li>Tipo de Motor: DIESEL<\/li>\n<li>Tiempos del Motor: 4<\/li>\n<li>Tipo de Valvulas: OHV<\/li>\n<li>Velocidad del Motor: 3600 RPM<\/li>\n<\/ul>\n","protected":false},"featured_media":835,"template":"","meta":[],"class_list":["post-828","product","type-product","status-publish","has-post-thumbnail","hentry","ewbrands-evans","product_cat-generadores-energia","product_tag-generador-diesel","product_tag-generador-electrico"],"yoast_head":"<!-- This site is optimized with the Yoast SEO plugin v14.0 - https:\/\/yoast.com\/wordpress\/plugins\/seo\/ -->\n<title>Generador Monof\u00e1sico Diesel 7000 Watts - Omega Industrial<\/title>\n<meta name=\"description\" content=\"En omega industrial su tienda de productos industriales en l\u00ednea encuentra Generador Monof\u00e1sico 7000 Watts Diesel ideal para trabajos mec\u00e1nicos.\" \/>\n<meta name=\"robots\" content=\"index, follow\" \/>\n<meta name=\"googlebot\" content=\"index, follow, max-snippet:-1, max-image-preview:large, max-video-preview:-1\" \/>\n<meta name=\"bingbot\" content=\"index, follow, max-snippet:-1, max-image-preview:large, max-video-preview:-1\" \/>\n<link rel=\"canonical\" href=\"https:\/\/industrialomega.com\/tienda-en-linea\/producto\/generador-monofasico-diesel\/\" \/>\n<meta property=\"og:locale\" content=\"es_ES\" \/>\n<meta property=\"og:type\" content=\"article\" \/>\n<meta property=\"og:title\" content=\"Compresor de 2 Etapas 300L Lubricado\" \/>\n<meta property=\"og:description\" content=\"En omega industrial su tienda de productos industriales en l\u00ednea encuentra Compresor de 2 Etapas 5HP 300L Lubricado ideal para trabajos mec\u00e1nicos.\" \/>\n<meta property=\"og:url\" content=\"https:\/\/industrialomega.com\/tienda-en-linea\/producto\/generador-monofasico-diesel\/\" \/>\n<meta property=\"og:site_name\" content=\"Omega Industrial\" \/>\n<meta property=\"article:modified_time\" content=\"2021-02-06T17:08:30+00:00\" \/>\n<meta property=\"og:image\" content=\"https:\/\/industrialomega.com\/tienda-en-linea\/wp-content\/uploads\/2021\/02\/Generador-Monof\u00e1sico-Diesel-7000-Watts.jpg\" \/>\n\t<meta property=\"og:image:width\" content=\"820\" \/>\n\t<meta property=\"og:image:height\" content=\"820\" \/>\n<meta name=\"twitter:card\" content=\"summary_large_image\" \/>\n<script type=\"application\/ld+json\" class=\"yoast-schema-graph\">{\"@context\":\"https:\/\/schema.org\",\"@graph\":[{\"@type\":\"WebSite\",\"@id\":\"https:\/\/industrialomega.com\/tienda-en-linea\/#website\",\"url\":\"https:\/\/industrialomega.com\/tienda-en-linea\/\",\"name\":\"Omega Industrial\",\"description\":\"Somos una empresa nicarag\\u00fcense con Perfil Internacional expertos en la Importaci\\u00f3n y Comercializaci\\u00f3n de productos Industriales\",\"potentialAction\":[{\"@type\":\"SearchAction\",\"target\":\"https:\/\/industrialomega.com\/tienda-en-linea\/?s={search_term_string}\",\"query-input\":\"required name=search_term_string\"}],\"inLanguage\":\"es\"},{\"@type\":\"ImageObject\",\"@id\":\"https:\/\/industrialomega.com\/tienda-en-linea\/producto\/generador-monofasico-diesel\/#primaryimage\",\"inLanguage\":\"es\",\"url\":\"https:\/\/industrialomega.com\/tienda-en-linea\/wp-content\/uploads\/2021\/02\/Generador-Monof\\u00e1sico-Diesel-7000-Watts.jpg\",\"width\":820,\"height\":820,\"caption\":\"Generador Monof\\u00e1sico Diesel 7000 Watts\"},{\"@type\":\"WebPage\",\"@id\":\"https:\/\/industrialomega.com\/tienda-en-linea\/producto\/generador-monofasico-diesel\/#webpage\",\"url\":\"https:\/\/industrialomega.com\/tienda-en-linea\/producto\/generador-monofasico-diesel\/\",\"name\":\"Generador Monof\\u00e1sico Diesel 7000 Watts - Omega Industrial\",\"isPartOf\":{\"@id\":\"https:\/\/industrialomega.com\/tienda-en-linea\/#website\"},\"primaryImageOfPage\":{\"@id\":\"https:\/\/industrialomega.com\/tienda-en-linea\/producto\/generador-monofasico-diesel\/#primaryimage\"},\"datePublished\":\"2021-02-05T22:55:16+00:00\",\"dateModified\":\"2021-02-06T17:08:30+00:00\",\"description\":\"En omega industrial su tienda de productos industriales en l\\u00ednea encuentra Generador Monof\\u00e1sico 7000 Watts Diesel ideal para trabajos mec\\u00e1nicos.\",\"inLanguage\":\"es\",\"potentialAction\":[{\"@type\":\"ReadAction\",\"target\":[\"https:\/\/industrialomega.com\/tienda-en-linea\/producto\/generador-monofasico-diesel\/\"]}]}]}<\/script>\n<!-- \/ Yoast SEO plugin. -->","_links":{"self":[{"href":"https:\/\/industrialomega.com\/tienda-en-linea\/wp-json\/wp\/v2\/product\/828","targetHints":{"allow":["GET"]}}],"collection":[{"href":"https:\/\/industrialomega.com\/tienda-en-linea\/wp-json\/wp\/v2\/product"}],"about":[{"href":"https:\/\/industrialomega.com\/tienda-en-linea\/wp-json\/wp\/v2\/types\/product"}],"wp:featuredmedia":[{"embeddable":true,"href":"https:\/\/industrialomega.com\/tienda-en-linea\/wp-json\/wp\/v2\/media\/835"}],"wp:attachment":[{"href":"https:\/\/industrialomega.com\/tienda-en-linea\/wp-json\/wp\/v2\/media?parent=828"}],"curies":[{"name":"wp","href":"https:\/\/api.w.org\/{rel}","templated":true}]}}