{"id":880,"date":"2021-02-08T16:28:31","date_gmt":"2021-02-08T22:28:31","guid":{"rendered":"https:\/\/industrialomega.com\/tienda-en-linea\/?post_type=product&#038;p=880"},"modified":"2021-02-08T16:58:53","modified_gmt":"2021-02-08T22:58:53","slug":"podadora-evans-22-pulg-ergon","status":"publish","type":"product","link":"https:\/\/industrialomega.com\/tienda-en-linea\/producto\/podadora-evans-22-pulg-ergon\/","title":{"rendered":"Podadora Evans 22 pulg. Ergon"},"content":{"rendered":"","protected":false},"excerpt":{"rendered":"<ul>\n<li>C\u00f3digo de producto: PE22MG0700KB<\/li>\n<li>Marca: EVANS<\/li>\n<li>Material: Pl\u00e1stico\/Hule<\/li>\n<li>Tama\u00f1o de Llanta Delantera: 7 pulg.<\/li>\n<li>Tama\u00f1o de Llanta Trasera: 12 pulg.<\/li>\n<li>Manibrabilidad: Rueda Alta<\/li>\n<\/ul>\n","protected":false},"featured_media":882,"template":"","meta":[],"class_list":["post-880","product","type-product","status-publish","has-post-thumbnail","hentry","ewbrands-evans","product_cat-podadoras-equipo-para-jardineria","product_tag-podadora","product_tag-podadora-evans"],"yoast_head":"<!-- This site is optimized with the Yoast SEO plugin v14.0 - https:\/\/yoast.com\/wordpress\/plugins\/seo\/ -->\n<title>Podadora Evans 22 pulg. Ergon - Omega Industrial<\/title>\n<meta name=\"description\" content=\"En omega industrial su tienda de productos industriales en l\u00ednea encuentra Podadora Evans 22 pulg. ideal ara uso Dom\u00e9stico, de f\u00e1cil manejo y econ\u00f3mica.\" \/>\n<meta name=\"robots\" content=\"index, follow\" \/>\n<meta name=\"googlebot\" content=\"index, follow, max-snippet:-1, max-image-preview:large, max-video-preview:-1\" \/>\n<meta name=\"bingbot\" content=\"index, follow, max-snippet:-1, max-image-preview:large, max-video-preview:-1\" \/>\n<link rel=\"canonical\" href=\"https:\/\/industrialomega.com\/tienda-en-linea\/producto\/podadora-evans-22-pulg-ergon\/\" \/>\n<meta property=\"og:locale\" content=\"es_ES\" \/>\n<meta property=\"og:type\" content=\"article\" \/>\n<meta property=\"og:title\" content=\"Compresor de 2 Etapas 300L Lubricado\" \/>\n<meta property=\"og:description\" content=\"En omega industrial su tienda de productos industriales en l\u00ednea encuentra Compresor de 2 Etapas 5HP 300L Lubricado ideal para trabajos mec\u00e1nicos.\" \/>\n<meta property=\"og:url\" content=\"https:\/\/industrialomega.com\/tienda-en-linea\/producto\/podadora-evans-22-pulg-ergon\/\" \/>\n<meta property=\"og:site_name\" content=\"Omega Industrial\" \/>\n<meta property=\"article:modified_time\" content=\"2021-02-08T22:58:53+00:00\" \/>\n<meta property=\"og:image\" content=\"https:\/\/industrialomega.com\/tienda-en-linea\/wp-content\/uploads\/2021\/02\/Podadora-Evans-22-pulg.-Ergon.jpg\" \/>\n\t<meta property=\"og:image:width\" content=\"820\" \/>\n\t<meta property=\"og:image:height\" content=\"820\" \/>\n<meta name=\"twitter:card\" content=\"summary_large_image\" \/>\n<script type=\"application\/ld+json\" class=\"yoast-schema-graph\">{\"@context\":\"https:\/\/schema.org\",\"@graph\":[{\"@type\":\"WebSite\",\"@id\":\"https:\/\/industrialomega.com\/tienda-en-linea\/#website\",\"url\":\"https:\/\/industrialomega.com\/tienda-en-linea\/\",\"name\":\"Omega Industrial\",\"description\":\"Somos una empresa nicarag\\u00fcense con Perfil Internacional expertos en la Importaci\\u00f3n y Comercializaci\\u00f3n de productos Industriales\",\"potentialAction\":[{\"@type\":\"SearchAction\",\"target\":\"https:\/\/industrialomega.com\/tienda-en-linea\/?s={search_term_string}\",\"query-input\":\"required name=search_term_string\"}],\"inLanguage\":\"es\"},{\"@type\":\"ImageObject\",\"@id\":\"https:\/\/industrialomega.com\/tienda-en-linea\/producto\/podadora-evans-22-pulg-ergon\/#primaryimage\",\"inLanguage\":\"es\",\"url\":\"https:\/\/industrialomega.com\/tienda-en-linea\/wp-content\/uploads\/2021\/02\/Podadora-Evans-22-pulg.-Ergon.jpg\",\"width\":820,\"height\":820,\"caption\":\"Podadora Evans 22 pulg. Ergon Omega Industrial Nicaragua\"},{\"@type\":\"WebPage\",\"@id\":\"https:\/\/industrialomega.com\/tienda-en-linea\/producto\/podadora-evans-22-pulg-ergon\/#webpage\",\"url\":\"https:\/\/industrialomega.com\/tienda-en-linea\/producto\/podadora-evans-22-pulg-ergon\/\",\"name\":\"Podadora Evans 22 pulg. Ergon - Omega Industrial\",\"isPartOf\":{\"@id\":\"https:\/\/industrialomega.com\/tienda-en-linea\/#website\"},\"primaryImageOfPage\":{\"@id\":\"https:\/\/industrialomega.com\/tienda-en-linea\/producto\/podadora-evans-22-pulg-ergon\/#primaryimage\"},\"datePublished\":\"2021-02-08T22:28:31+00:00\",\"dateModified\":\"2021-02-08T22:58:53+00:00\",\"description\":\"En omega industrial su tienda de productos industriales en l\\u00ednea encuentra Podadora Evans 22 pulg. ideal ara uso Dom\\u00e9stico, de f\\u00e1cil manejo y econ\\u00f3mica.\",\"inLanguage\":\"es\",\"potentialAction\":[{\"@type\":\"ReadAction\",\"target\":[\"https:\/\/industrialomega.com\/tienda-en-linea\/producto\/podadora-evans-22-pulg-ergon\/\"]}]}]}<\/script>\n<!-- \/ Yoast SEO plugin. -->","_links":{"self":[{"href":"https:\/\/industrialomega.com\/tienda-en-linea\/wp-json\/wp\/v2\/product\/880","targetHints":{"allow":["GET"]}}],"collection":[{"href":"https:\/\/industrialomega.com\/tienda-en-linea\/wp-json\/wp\/v2\/product"}],"about":[{"href":"https:\/\/industrialomega.com\/tienda-en-linea\/wp-json\/wp\/v2\/types\/product"}],"wp:featuredmedia":[{"embeddable":true,"href":"https:\/\/industrialomega.com\/tienda-en-linea\/wp-json\/wp\/v2\/media\/882"}],"wp:attachment":[{"href":"https:\/\/industrialomega.com\/tienda-en-linea\/wp-json\/wp\/v2\/media?parent=880"}],"curies":[{"name":"wp","href":"https:\/\/api.w.org\/{rel}","templated":true}]}}