{"id":946,"date":"2021-02-10T15:18:21","date_gmt":"2021-02-10T21:18:21","guid":{"rendered":"https:\/\/industrialomega.com\/tienda-en-linea\/?post_type=product&#038;p=946"},"modified":"2021-02-11T10:36:05","modified_gmt":"2021-02-11T16:36:05","slug":"indicador-de-nivel-ocio-ociolvrs","status":"publish","type":"product","link":"https:\/\/industrialomega.com\/tienda-en-linea\/producto\/indicador-de-nivel-ocio-ociolvrs\/","title":{"rendered":"Indicador de Nivel Ocio OCIOLVRS"},"content":{"rendered":"","protected":false},"excerpt":{"rendered":"<ul>\n<li>C\u00f3digo de producto: OCIOLVRS<\/li>\n<li>Tensi\u00f3n de alimentaci\u00f3n de 230 V 50 Hz(110 V\/60 Hz).<\/li>\n<li>Protecci\u00f3n IP 55.<\/li>\n<li>Fondo de escala 4 m.<\/li>\n<li>Precisi\u00f3n +\/- 2% fondo de escala.<\/li>\n<li>Contacto por nivel m\u00ednimo y m\u00e1ximo.<\/li>\n<li>Tensi\u00f3n m\u00e1x. 250 Vca a 5 Amp (o 30 Vcc a 5 Amp).<\/li>\n<li>Longitud del tubo de la sonda 10 m (ampliable hasta 50 m).<\/li>\n<\/ul>\n","protected":false},"featured_media":965,"template":"","meta":[],"class_list":["post-946","product","type-product","status-publish","has-post-thumbnail","hentry","ewbrands-emiliana-serbatoi","product_cat-industriales","product_cat-medidor-mecanico","product_tag-indicador-de-nivel","product_tag-indicador-de-nivel-ocio"],"yoast_head":"<!-- This site is optimized with the Yoast SEO plugin v14.0 - https:\/\/yoast.com\/wordpress\/plugins\/seo\/ -->\n<title>Indicador de Nivel Ocio OCIOLVRS, Sistema de Gesti\u00f3n- Omega Industrial<\/title>\n<meta name=\"description\" content=\"En omega industrial tienda de productos industriales en l\u00ednea encuentra Indicador de Nivel Ocio OCIOLVRS, para la gesti\u00f3n del nivel del l\u00edquido.\" \/>\n<meta name=\"robots\" content=\"index, follow\" \/>\n<meta name=\"googlebot\" content=\"index, follow, max-snippet:-1, max-image-preview:large, max-video-preview:-1\" \/>\n<meta name=\"bingbot\" content=\"index, follow, max-snippet:-1, max-image-preview:large, max-video-preview:-1\" \/>\n<link rel=\"canonical\" href=\"https:\/\/industrialomega.com\/tienda-en-linea\/producto\/indicador-de-nivel-ocio-ociolvrs\/\" \/>\n<meta property=\"og:locale\" content=\"es_ES\" \/>\n<meta property=\"og:type\" content=\"article\" \/>\n<meta property=\"og:title\" content=\"Compresor de 2 Etapas 300L Lubricado\" \/>\n<meta property=\"og:description\" content=\"En omega industrial su tienda de productos industriales en l\u00ednea encuentra Compresor de 2 Etapas 5HP 300L Lubricado ideal para trabajos mec\u00e1nicos.\" \/>\n<meta property=\"og:url\" content=\"https:\/\/industrialomega.com\/tienda-en-linea\/producto\/indicador-de-nivel-ocio-ociolvrs\/\" \/>\n<meta property=\"og:site_name\" content=\"Omega Industrial\" \/>\n<meta property=\"article:modified_time\" content=\"2021-02-11T16:36:05+00:00\" \/>\n<meta property=\"og:image\" content=\"https:\/\/industrialomega.com\/tienda-en-linea\/wp-content\/uploads\/2021\/02\/Indicador-de-Nivel-Ocio.jpg\" \/>\n\t<meta property=\"og:image:width\" content=\"820\" \/>\n\t<meta property=\"og:image:height\" content=\"820\" \/>\n<meta name=\"twitter:card\" content=\"summary_large_image\" \/>\n<script type=\"application\/ld+json\" class=\"yoast-schema-graph\">{\"@context\":\"https:\/\/schema.org\",\"@graph\":[{\"@type\":\"WebSite\",\"@id\":\"https:\/\/industrialomega.com\/tienda-en-linea\/#website\",\"url\":\"https:\/\/industrialomega.com\/tienda-en-linea\/\",\"name\":\"Omega Industrial\",\"description\":\"Somos una empresa nicarag\\u00fcense con Perfil Internacional expertos en la Importaci\\u00f3n y Comercializaci\\u00f3n de productos Industriales\",\"potentialAction\":[{\"@type\":\"SearchAction\",\"target\":\"https:\/\/industrialomega.com\/tienda-en-linea\/?s={search_term_string}\",\"query-input\":\"required name=search_term_string\"}],\"inLanguage\":\"es\"},{\"@type\":\"ImageObject\",\"@id\":\"https:\/\/industrialomega.com\/tienda-en-linea\/producto\/indicador-de-nivel-ocio-ociolvrs\/#primaryimage\",\"inLanguage\":\"es\",\"url\":\"https:\/\/industrialomega.com\/tienda-en-linea\/wp-content\/uploads\/2021\/02\/Indicador-de-Nivel-Ocio.jpg\",\"width\":820,\"height\":820,\"caption\":\"Indicador de Nivel Ocio Omega Industrial Nicaragua\"},{\"@type\":\"WebPage\",\"@id\":\"https:\/\/industrialomega.com\/tienda-en-linea\/producto\/indicador-de-nivel-ocio-ociolvrs\/#webpage\",\"url\":\"https:\/\/industrialomega.com\/tienda-en-linea\/producto\/indicador-de-nivel-ocio-ociolvrs\/\",\"name\":\"Indicador de Nivel Ocio OCIOLVRS, Sistema de Gesti\\u00f3n- Omega Industrial\",\"isPartOf\":{\"@id\":\"https:\/\/industrialomega.com\/tienda-en-linea\/#website\"},\"primaryImageOfPage\":{\"@id\":\"https:\/\/industrialomega.com\/tienda-en-linea\/producto\/indicador-de-nivel-ocio-ociolvrs\/#primaryimage\"},\"datePublished\":\"2021-02-10T21:18:21+00:00\",\"dateModified\":\"2021-02-11T16:36:05+00:00\",\"description\":\"En omega industrial tienda de productos industriales en l\\u00ednea encuentra Indicador de Nivel Ocio OCIOLVRS, para la gesti\\u00f3n del nivel del l\\u00edquido.\",\"inLanguage\":\"es\",\"potentialAction\":[{\"@type\":\"ReadAction\",\"target\":[\"https:\/\/industrialomega.com\/tienda-en-linea\/producto\/indicador-de-nivel-ocio-ociolvrs\/\"]}]}]}<\/script>\n<!-- \/ Yoast SEO plugin. -->","_links":{"self":[{"href":"https:\/\/industrialomega.com\/tienda-en-linea\/wp-json\/wp\/v2\/product\/946","targetHints":{"allow":["GET"]}}],"collection":[{"href":"https:\/\/industrialomega.com\/tienda-en-linea\/wp-json\/wp\/v2\/product"}],"about":[{"href":"https:\/\/industrialomega.com\/tienda-en-linea\/wp-json\/wp\/v2\/types\/product"}],"wp:featuredmedia":[{"embeddable":true,"href":"https:\/\/industrialomega.com\/tienda-en-linea\/wp-json\/wp\/v2\/media\/965"}],"wp:attachment":[{"href":"https:\/\/industrialomega.com\/tienda-en-linea\/wp-json\/wp\/v2\/media?parent=946"}],"curies":[{"name":"wp","href":"https:\/\/api.w.org\/{rel}","templated":true}]}}