{"id":947,"date":"2021-02-10T15:28:24","date_gmt":"2021-02-10T21:28:24","guid":{"rendered":"https:\/\/industrialomega.com\/tienda-en-linea\/?post_type=product&#038;p=947"},"modified":"2021-02-10T15:54:47","modified_gmt":"2021-02-10T21:54:47","slug":"pistola-fill-rite-automatica-n100dau13","status":"publish","type":"product","link":"https:\/\/industrialomega.com\/tienda-en-linea\/producto\/pistola-fill-rite-automatica-n100dau13\/","title":{"rendered":"Pistola Fill Rite Autom\u00e1tica N100DAU13"},"content":{"rendered":"","protected":false},"excerpt":{"rendered":"<ul>\n<li>C\u00f3digo de Producto: N100DAU13<\/li>\n<li>Marca: Fill Rite<\/li>\n<li>Ideal para ubicaciones de paradas de camiones o reabastecimiento de equipos pesados.<\/li>\n<li>La resistente construcci\u00f3n de fundici\u00f3n de aluminio resiste los entornos m\u00e1s dif\u00edciles.<\/li>\n<li>Compatible con gasolina, diesel, E15, biodiesel y queroseno.<\/li>\n<li>El apagado autom\u00e1tico reduce la posibilidad de derrames.<\/li>\n<\/ul>\n","protected":false},"featured_media":948,"template":"","meta":[],"class_list":["post-947","product","type-product","status-publish","has-post-thumbnail","hentry","ewbrands-fill-rite","product_cat-pistolas","product_cat-repuestos-y-suministros-industriales","product_tag-pistola-fill-rite","product_tag-pistola-fill-rite-automatica"],"yoast_head":"<!-- This site is optimized with the Yoast SEO plugin v14.0 - https:\/\/yoast.com\/wordpress\/plugins\/seo\/ -->\n<title>Pistola Fill Rite N100DAU13 Autom\u00e1tica - Omega Industrial<\/title>\n<meta name=\"description\" content=\"En Omega Industrial, tienda productos industriales en l\u00ednea Pistola Fill Rite Automatica N100DAU13 ideal para transferencia combustibles y otros l\u00edquidos\" \/>\n<meta name=\"robots\" content=\"index, follow\" \/>\n<meta name=\"googlebot\" content=\"index, follow, max-snippet:-1, max-image-preview:large, max-video-preview:-1\" \/>\n<meta name=\"bingbot\" content=\"index, follow, max-snippet:-1, max-image-preview:large, max-video-preview:-1\" \/>\n<link rel=\"canonical\" href=\"https:\/\/industrialomega.com\/tienda-en-linea\/producto\/pistola-fill-rite-automatica-n100dau13\/\" \/>\n<meta property=\"og:locale\" content=\"es_ES\" \/>\n<meta property=\"og:type\" content=\"article\" \/>\n<meta property=\"og:title\" content=\"Pistola Fill Rite N100DAU13 Autom\u00e1tica - Omega Industrial\" \/>\n<meta property=\"og:description\" content=\"En Omega Industrial, tienda productos industriales en l\u00ednea Pistola Fill Rite Automatica N100DAU13 ideal para transferencia combustibles y otros l\u00edquidos\" \/>\n<meta property=\"og:url\" content=\"https:\/\/industrialomega.com\/tienda-en-linea\/producto\/pistola-fill-rite-automatica-n100dau13\/\" \/>\n<meta property=\"og:site_name\" content=\"Omega Industrial\" \/>\n<meta property=\"article:modified_time\" content=\"2021-02-10T21:54:47+00:00\" \/>\n<meta property=\"og:image\" content=\"https:\/\/industrialomega.com\/tienda-en-linea\/wp-content\/uploads\/2021\/02\/Pistola-Fill-Rite-Automatica-N100DAU13.jpg\" \/>\n\t<meta property=\"og:image:width\" content=\"820\" \/>\n\t<meta property=\"og:image:height\" content=\"820\" \/>\n<meta name=\"twitter:card\" content=\"summary_large_image\" \/>\n<script type=\"application\/ld+json\" class=\"yoast-schema-graph\">{\"@context\":\"https:\/\/schema.org\",\"@graph\":[{\"@type\":\"WebSite\",\"@id\":\"https:\/\/industrialomega.com\/tienda-en-linea\/#website\",\"url\":\"https:\/\/industrialomega.com\/tienda-en-linea\/\",\"name\":\"Omega Industrial\",\"description\":\"Somos una empresa nicarag\\u00fcense con Perfil Internacional expertos en la Importaci\\u00f3n y Comercializaci\\u00f3n de productos Industriales\",\"potentialAction\":[{\"@type\":\"SearchAction\",\"target\":\"https:\/\/industrialomega.com\/tienda-en-linea\/?s={search_term_string}\",\"query-input\":\"required name=search_term_string\"}],\"inLanguage\":\"es\"},{\"@type\":\"ImageObject\",\"@id\":\"https:\/\/industrialomega.com\/tienda-en-linea\/producto\/pistola-fill-rite-automatica-n100dau13\/#primaryimage\",\"inLanguage\":\"es\",\"url\":\"https:\/\/industrialomega.com\/tienda-en-linea\/wp-content\/uploads\/2021\/02\/Pistola-Fill-Rite-Automatica-N100DAU13.jpg\",\"width\":820,\"height\":820,\"caption\":\"Pistola Fill Rite Automatica N100DAU13 Omega Insdustrial Nicaragua\"},{\"@type\":\"WebPage\",\"@id\":\"https:\/\/industrialomega.com\/tienda-en-linea\/producto\/pistola-fill-rite-automatica-n100dau13\/#webpage\",\"url\":\"https:\/\/industrialomega.com\/tienda-en-linea\/producto\/pistola-fill-rite-automatica-n100dau13\/\",\"name\":\"Pistola Fill Rite N100DAU13 Autom\\u00e1tica - Omega Industrial\",\"isPartOf\":{\"@id\":\"https:\/\/industrialomega.com\/tienda-en-linea\/#website\"},\"primaryImageOfPage\":{\"@id\":\"https:\/\/industrialomega.com\/tienda-en-linea\/producto\/pistola-fill-rite-automatica-n100dau13\/#primaryimage\"},\"datePublished\":\"2021-02-10T21:28:24+00:00\",\"dateModified\":\"2021-02-10T21:54:47+00:00\",\"description\":\"En Omega Industrial, tienda productos industriales en l\\u00ednea Pistola Fill Rite Automatica N100DAU13 ideal para transferencia combustibles y otros l\\u00edquidos\",\"inLanguage\":\"es\",\"potentialAction\":[{\"@type\":\"ReadAction\",\"target\":[\"https:\/\/industrialomega.com\/tienda-en-linea\/producto\/pistola-fill-rite-automatica-n100dau13\/\"]}]}]}<\/script>\n<!-- \/ Yoast SEO plugin. -->","_links":{"self":[{"href":"https:\/\/industrialomega.com\/tienda-en-linea\/wp-json\/wp\/v2\/product\/947","targetHints":{"allow":["GET"]}}],"collection":[{"href":"https:\/\/industrialomega.com\/tienda-en-linea\/wp-json\/wp\/v2\/product"}],"about":[{"href":"https:\/\/industrialomega.com\/tienda-en-linea\/wp-json\/wp\/v2\/types\/product"}],"wp:featuredmedia":[{"embeddable":true,"href":"https:\/\/industrialomega.com\/tienda-en-linea\/wp-json\/wp\/v2\/media\/948"}],"wp:attachment":[{"href":"https:\/\/industrialomega.com\/tienda-en-linea\/wp-json\/wp\/v2\/media?parent=947"}],"curies":[{"name":"wp","href":"https:\/\/api.w.org\/{rel}","templated":true}]}}