{"id":956,"date":"2021-02-10T16:36:28","date_gmt":"2021-02-10T22:36:28","guid":{"rendered":"https:\/\/industrialomega.com\/tienda-en-linea\/?post_type=product&#038;p=956"},"modified":"2021-02-10T16:46:04","modified_gmt":"2021-02-10T22:46:04","slug":"medidor-fill-rite-901c","status":"publish","type":"product","link":"https:\/\/industrialomega.com\/tienda-en-linea\/producto\/medidor-fill-rite-901c\/","title":{"rendered":"Medidor Fill Rite 901C"},"content":{"rendered":"","protected":false},"excerpt":{"rendered":"<ul>\n<li>C\u00f3digo de Producto: 901C<\/li>\n<li>Marca: Fill Rite<\/li>\n<li>Para aplicaciones resistentes donde el rendimiento es primordial y la confiabilidad es esencial.<\/li>\n<li>El medidor mec\u00e1nico 901C utiliza tecnolog\u00eda probada que ha sido el est\u00e1ndar de la industria durante d\u00e9cadas.<\/li>\n<li>Entrada \/ salida de 1,5 \u00ab. UL \/ cUL.<\/li>\n<li>Dise\u00f1ado para gasolina, diesel, biodiesel hasta B20, E15 y queroseno.<\/li>\n<\/ul>\n","protected":false},"featured_media":957,"template":"","meta":[],"class_list":["post-956","product","type-product","status-publish","has-post-thumbnail","hentry","ewbrands-fill-rite","product_cat-medidor-mecanico","product_tag-medidor-fill-rite","product_tag-medidor-mecanico"],"yoast_head":"<!-- This site is optimized with the Yoast SEO plugin v14.0 - https:\/\/yoast.com\/wordpress\/plugins\/seo\/ -->\n<title>Medidor Fill Rite 901C para Transferencia Combustible - Omega Industrial<\/title>\n<meta name=\"description\" content=\"En Omega Industrial, tienda productos industriales en l\u00ednea Medidor Medidor Fill Rite 901C ideal para transferencia combustibles y otros l\u00edquidos\" \/>\n<meta name=\"robots\" content=\"index, follow\" \/>\n<meta name=\"googlebot\" content=\"index, follow, max-snippet:-1, max-image-preview:large, max-video-preview:-1\" \/>\n<meta name=\"bingbot\" content=\"index, follow, max-snippet:-1, max-image-preview:large, max-video-preview:-1\" \/>\n<link rel=\"canonical\" href=\"https:\/\/industrialomega.com\/tienda-en-linea\/producto\/medidor-fill-rite-901c\/\" \/>\n<meta property=\"og:locale\" content=\"es_ES\" \/>\n<meta property=\"og:type\" content=\"article\" \/>\n<meta property=\"og:title\" content=\"Medidor Fill Rite 901C para Transferencia Combustible - Omega Industrial\" \/>\n<meta property=\"og:description\" content=\"En Omega Industrial, tienda productos industriales en l\u00ednea Medidor Medidor Fill Rite 901C ideal para transferencia combustibles y otros l\u00edquidos\" \/>\n<meta property=\"og:url\" content=\"https:\/\/industrialomega.com\/tienda-en-linea\/producto\/medidor-fill-rite-901c\/\" \/>\n<meta property=\"og:site_name\" content=\"Omega Industrial\" \/>\n<meta property=\"article:modified_time\" content=\"2021-02-10T22:46:04+00:00\" \/>\n<meta property=\"og:image\" content=\"https:\/\/industrialomega.com\/tienda-en-linea\/wp-content\/uploads\/2021\/02\/Medidor-Fill-Rite-901C.jpg\" \/>\n\t<meta property=\"og:image:width\" content=\"820\" \/>\n\t<meta property=\"og:image:height\" content=\"820\" \/>\n<meta name=\"twitter:card\" content=\"summary_large_image\" \/>\n<script type=\"application\/ld+json\" class=\"yoast-schema-graph\">{\"@context\":\"https:\/\/schema.org\",\"@graph\":[{\"@type\":\"WebSite\",\"@id\":\"https:\/\/industrialomega.com\/tienda-en-linea\/#website\",\"url\":\"https:\/\/industrialomega.com\/tienda-en-linea\/\",\"name\":\"Omega Industrial\",\"description\":\"Somos una empresa nicarag\\u00fcense con Perfil Internacional expertos en la Importaci\\u00f3n y Comercializaci\\u00f3n de productos Industriales\",\"potentialAction\":[{\"@type\":\"SearchAction\",\"target\":\"https:\/\/industrialomega.com\/tienda-en-linea\/?s={search_term_string}\",\"query-input\":\"required name=search_term_string\"}],\"inLanguage\":\"es\"},{\"@type\":\"ImageObject\",\"@id\":\"https:\/\/industrialomega.com\/tienda-en-linea\/producto\/medidor-fill-rite-901c\/#primaryimage\",\"inLanguage\":\"es\",\"url\":\"https:\/\/industrialomega.com\/tienda-en-linea\/wp-content\/uploads\/2021\/02\/Medidor-Fill-Rite-901C.jpg\",\"width\":820,\"height\":820,\"caption\":\"Medidor Fill Rite 901C Omega Industrial Nicaragua\"},{\"@type\":\"WebPage\",\"@id\":\"https:\/\/industrialomega.com\/tienda-en-linea\/producto\/medidor-fill-rite-901c\/#webpage\",\"url\":\"https:\/\/industrialomega.com\/tienda-en-linea\/producto\/medidor-fill-rite-901c\/\",\"name\":\"Medidor Fill Rite 901C para Transferencia Combustible - Omega Industrial\",\"isPartOf\":{\"@id\":\"https:\/\/industrialomega.com\/tienda-en-linea\/#website\"},\"primaryImageOfPage\":{\"@id\":\"https:\/\/industrialomega.com\/tienda-en-linea\/producto\/medidor-fill-rite-901c\/#primaryimage\"},\"datePublished\":\"2021-02-10T22:36:28+00:00\",\"dateModified\":\"2021-02-10T22:46:04+00:00\",\"description\":\"En Omega Industrial, tienda productos industriales en l\\u00ednea Medidor Medidor Fill Rite 901C ideal para transferencia combustibles y otros l\\u00edquidos\",\"inLanguage\":\"es\",\"potentialAction\":[{\"@type\":\"ReadAction\",\"target\":[\"https:\/\/industrialomega.com\/tienda-en-linea\/producto\/medidor-fill-rite-901c\/\"]}]}]}<\/script>\n<!-- \/ Yoast SEO plugin. -->","_links":{"self":[{"href":"https:\/\/industrialomega.com\/tienda-en-linea\/wp-json\/wp\/v2\/product\/956","targetHints":{"allow":["GET"]}}],"collection":[{"href":"https:\/\/industrialomega.com\/tienda-en-linea\/wp-json\/wp\/v2\/product"}],"about":[{"href":"https:\/\/industrialomega.com\/tienda-en-linea\/wp-json\/wp\/v2\/types\/product"}],"wp:featuredmedia":[{"embeddable":true,"href":"https:\/\/industrialomega.com\/tienda-en-linea\/wp-json\/wp\/v2\/media\/957"}],"wp:attachment":[{"href":"https:\/\/industrialomega.com\/tienda-en-linea\/wp-json\/wp\/v2\/media?parent=956"}],"curies":[{"name":"wp","href":"https:\/\/api.w.org\/{rel}","templated":true}]}}