{"id":975,"date":"2021-02-11T10:26:43","date_gmt":"2021-02-11T16:26:43","guid":{"rendered":"https:\/\/industrialomega.com\/tienda-en-linea\/?post_type=product&#038;p=975"},"modified":"2021-02-11T11:20:53","modified_gmt":"2021-02-11T17:20:53","slug":"tank-fuel-20000-litros-tf20","status":"publish","type":"product","link":"https:\/\/industrialomega.com\/tienda-en-linea\/producto\/tank-fuel-20000-litros-tf20\/","title":{"rendered":"Tank Fuel 20000 Litros TF20"},"content":{"rendered":"","protected":false},"excerpt":{"rendered":"<ul>\n<li>C\u00f3digo de producto: TF20<\/li>\n<li>Tanque de pared sencilla 20,000 litros (5284 Glns).<\/li>\n<li>Espesor 5mm con dique de contenci\u00f3n al 110%.<\/li>\n<li>Equipado con manhole de 400mm con 16 tornillos.<\/li>\n<li>Llenado de 2&#8243; con acople r\u00e1pido CAMLOK con v\u00e1lvula de sobrellenado al 95%  venteo de 1&#8243;.<\/li>\n<li>6mts de Manguera.<\/li>\n<li>Bot\u00f3n de paro emergencia y cuadro el\u00e9ctrico para su conexi\u00f3n.<\/li>\n<li>Plataforma y pasamano de seguridad.<\/li>\n<\/ul>\n","protected":false},"featured_media":977,"template":"","meta":[],"class_list":["post-975","product","type-product","status-publish","has-post-thumbnail","hentry","ewbrands-emiliana-serbatoi","product_cat-industriales","product_cat-tanques-para-diesel-gasolina","product_tag-tank-fuel","product_tag-tank-fuel-20000-litros"],"yoast_head":"<!-- This site is optimized with the Yoast SEO plugin v14.0 - https:\/\/yoast.com\/wordpress\/plugins\/seo\/ -->\n<title>Tank Fuel 20000 Litros TF20, Tanque de pared sencilla- Omega Industrial<\/title>\n<meta name=\"description\" content=\"En omega industrial tienda de productos industriales en l\u00ednea encuentra Tank Fuel 20000 Litros TF20, tanque de pared sencilla.\" \/>\n<meta name=\"robots\" content=\"index, follow\" \/>\n<meta name=\"googlebot\" content=\"index, follow, max-snippet:-1, max-image-preview:large, max-video-preview:-1\" \/>\n<meta name=\"bingbot\" content=\"index, follow, max-snippet:-1, max-image-preview:large, max-video-preview:-1\" \/>\n<link rel=\"canonical\" href=\"https:\/\/industrialomega.com\/tienda-en-linea\/producto\/tank-fuel-20000-litros-tf20\/\" \/>\n<meta property=\"og:locale\" content=\"es_ES\" \/>\n<meta property=\"og:type\" content=\"article\" \/>\n<meta property=\"og:title\" content=\"Compresor de 2 Etapas 300L Lubricado\" \/>\n<meta property=\"og:description\" content=\"En omega industrial su tienda de productos industriales en l\u00ednea encuentra Compresor de 2 Etapas 5HP 300L Lubricado ideal para trabajos mec\u00e1nicos.\" \/>\n<meta property=\"og:url\" content=\"https:\/\/industrialomega.com\/tienda-en-linea\/producto\/tank-fuel-20000-litros-tf20\/\" \/>\n<meta property=\"og:site_name\" content=\"Omega Industrial\" \/>\n<meta property=\"article:modified_time\" content=\"2021-02-11T17:20:53+00:00\" \/>\n<meta property=\"og:image\" content=\"https:\/\/industrialomega.com\/tienda-en-linea\/wp-content\/uploads\/2021\/02\/Tank-Fuel-20000-Litros-TF20.jpg\" \/>\n\t<meta property=\"og:image:width\" content=\"820\" \/>\n\t<meta property=\"og:image:height\" content=\"820\" \/>\n<meta name=\"twitter:card\" content=\"summary_large_image\" \/>\n<script type=\"application\/ld+json\" class=\"yoast-schema-graph\">{\"@context\":\"https:\/\/schema.org\",\"@graph\":[{\"@type\":\"WebSite\",\"@id\":\"https:\/\/industrialomega.com\/tienda-en-linea\/#website\",\"url\":\"https:\/\/industrialomega.com\/tienda-en-linea\/\",\"name\":\"Omega Industrial\",\"description\":\"Somos una empresa nicarag\\u00fcense con Perfil Internacional expertos en la Importaci\\u00f3n y Comercializaci\\u00f3n de productos Industriales\",\"potentialAction\":[{\"@type\":\"SearchAction\",\"target\":\"https:\/\/industrialomega.com\/tienda-en-linea\/?s={search_term_string}\",\"query-input\":\"required name=search_term_string\"}],\"inLanguage\":\"es\"},{\"@type\":\"ImageObject\",\"@id\":\"https:\/\/industrialomega.com\/tienda-en-linea\/producto\/tank-fuel-20000-litros-tf20\/#primaryimage\",\"inLanguage\":\"es\",\"url\":\"https:\/\/industrialomega.com\/tienda-en-linea\/wp-content\/uploads\/2021\/02\/Tank-Fuel-20000-Litros-TF20.jpg\",\"width\":820,\"height\":820,\"caption\":\"Tank Fuel 20000 Litros TF20 Omega Industrial Nicaragua\"},{\"@type\":\"WebPage\",\"@id\":\"https:\/\/industrialomega.com\/tienda-en-linea\/producto\/tank-fuel-20000-litros-tf20\/#webpage\",\"url\":\"https:\/\/industrialomega.com\/tienda-en-linea\/producto\/tank-fuel-20000-litros-tf20\/\",\"name\":\"Tank Fuel 20000 Litros TF20, Tanque de pared sencilla- Omega Industrial\",\"isPartOf\":{\"@id\":\"https:\/\/industrialomega.com\/tienda-en-linea\/#website\"},\"primaryImageOfPage\":{\"@id\":\"https:\/\/industrialomega.com\/tienda-en-linea\/producto\/tank-fuel-20000-litros-tf20\/#primaryimage\"},\"datePublished\":\"2021-02-11T16:26:43+00:00\",\"dateModified\":\"2021-02-11T17:20:53+00:00\",\"description\":\"En omega industrial tienda de productos industriales en l\\u00ednea encuentra Tank Fuel 20000 Litros TF20, tanque de pared sencilla.\",\"inLanguage\":\"es\",\"potentialAction\":[{\"@type\":\"ReadAction\",\"target\":[\"https:\/\/industrialomega.com\/tienda-en-linea\/producto\/tank-fuel-20000-litros-tf20\/\"]}]}]}<\/script>\n<!-- \/ Yoast SEO plugin. -->","_links":{"self":[{"href":"https:\/\/industrialomega.com\/tienda-en-linea\/wp-json\/wp\/v2\/product\/975","targetHints":{"allow":["GET"]}}],"collection":[{"href":"https:\/\/industrialomega.com\/tienda-en-linea\/wp-json\/wp\/v2\/product"}],"about":[{"href":"https:\/\/industrialomega.com\/tienda-en-linea\/wp-json\/wp\/v2\/types\/product"}],"wp:featuredmedia":[{"embeddable":true,"href":"https:\/\/industrialomega.com\/tienda-en-linea\/wp-json\/wp\/v2\/media\/977"}],"wp:attachment":[{"href":"https:\/\/industrialomega.com\/tienda-en-linea\/wp-json\/wp\/v2\/media?parent=975"}],"curies":[{"name":"wp","href":"https:\/\/api.w.org\/{rel}","templated":true}]}}