{"id":982,"date":"2021-02-11T11:42:19","date_gmt":"2021-02-11T17:42:19","guid":{"rendered":"https:\/\/industrialomega.com\/tienda-en-linea\/?post_type=product&#038;p=982"},"modified":"2021-02-11T11:53:18","modified_gmt":"2021-02-11T17:53:18","slug":"tank-fuel-9000-litros-tf9","status":"publish","type":"product","link":"https:\/\/industrialomega.com\/tienda-en-linea\/producto\/tank-fuel-9000-litros-tf9\/","title":{"rendered":"Tank Fuel 9000 Litros TF9"},"content":{"rendered":"","protected":false},"excerpt":{"rendered":"<ul>\n<li>C\u00f3digo de producto: TF2VMP<\/li>\n<li>Tanque de pared sencilla 9000 litros (2377 Glns) espesor 3mm con dique de contenci\u00f3n al 110%.<\/li>\n<li>Equipado con manhole de 400mm con 16 tornillos.<\/li>\n<li>Llenado de 2&#8243; con acople r\u00e1pido CAMLOK con v\u00e1lvula de sobrellenado al 95%  venteo de 1&#8243;.<\/li>\n<li>Plataforma y pasamano de seguridad.<\/li>\n<li>V\u00e1lvula de purga de tanque y del dique.<\/li>\n<li>Succi\u00f3n inferior con v\u00e1lvula de fondo y sistema de bloqueo nivel m\u00ednimo.<\/li>\n<li>Estructura de refuerzo para el cubeto y orejetas para descargar el tanque del contenedor.<\/li>\n<\/ul>\n","protected":false},"featured_media":983,"template":"","meta":[],"class_list":["post-982","product","type-product","status-publish","has-post-thumbnail","hentry","ewbrands-emiliana-serbatoi","product_cat-industriales","product_cat-tanques-para-diesel-gasolina","product_tag-tank-fuel","product_tag-tank-fuel-9000-litros"],"yoast_head":"<!-- This site is optimized with the Yoast SEO plugin v14.0 - https:\/\/yoast.com\/wordpress\/plugins\/seo\/ -->\n<title>Tank Fuel 9000 Litros TF9, Tanque de pared - Omega Industrial<\/title>\n<meta name=\"description\" content=\"En omega industrial tienda de productos industriales en l\u00ednea encuentra Tank Fuel 9000 Litros TF9, tanque de pared sencilla.\" \/>\n<meta name=\"robots\" content=\"index, follow\" \/>\n<meta name=\"googlebot\" content=\"index, follow, max-snippet:-1, max-image-preview:large, max-video-preview:-1\" \/>\n<meta name=\"bingbot\" content=\"index, follow, max-snippet:-1, max-image-preview:large, max-video-preview:-1\" \/>\n<link rel=\"canonical\" href=\"https:\/\/industrialomega.com\/tienda-en-linea\/producto\/tank-fuel-9000-litros-tf9\/\" \/>\n<meta property=\"og:locale\" content=\"es_ES\" \/>\n<meta property=\"og:type\" content=\"article\" \/>\n<meta property=\"og:title\" content=\"Compresor de 2 Etapas 300L Lubricado\" \/>\n<meta property=\"og:description\" content=\"En omega industrial su tienda de productos industriales en l\u00ednea encuentra Compresor de 2 Etapas 5HP 300L Lubricado ideal para trabajos mec\u00e1nicos.\" \/>\n<meta property=\"og:url\" content=\"https:\/\/industrialomega.com\/tienda-en-linea\/producto\/tank-fuel-9000-litros-tf9\/\" \/>\n<meta property=\"og:site_name\" content=\"Omega Industrial\" \/>\n<meta property=\"article:modified_time\" content=\"2021-02-11T17:53:18+00:00\" \/>\n<meta property=\"og:image\" content=\"https:\/\/industrialomega.com\/tienda-en-linea\/wp-content\/uploads\/2021\/02\/Tank-Fuel-9000-Litros-TF9.jpg\" \/>\n\t<meta property=\"og:image:width\" content=\"820\" \/>\n\t<meta property=\"og:image:height\" content=\"820\" \/>\n<meta name=\"twitter:card\" content=\"summary_large_image\" \/>\n<script type=\"application\/ld+json\" class=\"yoast-schema-graph\">{\"@context\":\"https:\/\/schema.org\",\"@graph\":[{\"@type\":\"WebSite\",\"@id\":\"https:\/\/industrialomega.com\/tienda-en-linea\/#website\",\"url\":\"https:\/\/industrialomega.com\/tienda-en-linea\/\",\"name\":\"Omega Industrial\",\"description\":\"Somos una empresa nicarag\\u00fcense con Perfil Internacional expertos en la Importaci\\u00f3n y Comercializaci\\u00f3n de productos Industriales\",\"potentialAction\":[{\"@type\":\"SearchAction\",\"target\":\"https:\/\/industrialomega.com\/tienda-en-linea\/?s={search_term_string}\",\"query-input\":\"required name=search_term_string\"}],\"inLanguage\":\"es\"},{\"@type\":\"ImageObject\",\"@id\":\"https:\/\/industrialomega.com\/tienda-en-linea\/producto\/tank-fuel-9000-litros-tf9\/#primaryimage\",\"inLanguage\":\"es\",\"url\":\"https:\/\/industrialomega.com\/tienda-en-linea\/wp-content\/uploads\/2021\/02\/Tank-Fuel-9000-Litros-TF9.jpg\",\"width\":820,\"height\":820,\"caption\":\"Tank Fuel 9000 Litros TF9 Omega Industrial Nicaragua\"},{\"@type\":\"WebPage\",\"@id\":\"https:\/\/industrialomega.com\/tienda-en-linea\/producto\/tank-fuel-9000-litros-tf9\/#webpage\",\"url\":\"https:\/\/industrialomega.com\/tienda-en-linea\/producto\/tank-fuel-9000-litros-tf9\/\",\"name\":\"Tank Fuel 9000 Litros TF9, Tanque de pared - Omega Industrial\",\"isPartOf\":{\"@id\":\"https:\/\/industrialomega.com\/tienda-en-linea\/#website\"},\"primaryImageOfPage\":{\"@id\":\"https:\/\/industrialomega.com\/tienda-en-linea\/producto\/tank-fuel-9000-litros-tf9\/#primaryimage\"},\"datePublished\":\"2021-02-11T17:42:19+00:00\",\"dateModified\":\"2021-02-11T17:53:18+00:00\",\"description\":\"En omega industrial tienda de productos industriales en l\\u00ednea encuentra Tank Fuel 9000 Litros TF9, tanque de pared sencilla.\",\"inLanguage\":\"es\",\"potentialAction\":[{\"@type\":\"ReadAction\",\"target\":[\"https:\/\/industrialomega.com\/tienda-en-linea\/producto\/tank-fuel-9000-litros-tf9\/\"]}]}]}<\/script>\n<!-- \/ Yoast SEO plugin. -->","_links":{"self":[{"href":"https:\/\/industrialomega.com\/tienda-en-linea\/wp-json\/wp\/v2\/product\/982","targetHints":{"allow":["GET"]}}],"collection":[{"href":"https:\/\/industrialomega.com\/tienda-en-linea\/wp-json\/wp\/v2\/product"}],"about":[{"href":"https:\/\/industrialomega.com\/tienda-en-linea\/wp-json\/wp\/v2\/types\/product"}],"wp:featuredmedia":[{"embeddable":true,"href":"https:\/\/industrialomega.com\/tienda-en-linea\/wp-json\/wp\/v2\/media\/983"}],"wp:attachment":[{"href":"https:\/\/industrialomega.com\/tienda-en-linea\/wp-json\/wp\/v2\/media?parent=982"}],"curies":[{"name":"wp","href":"https:\/\/api.w.org\/{rel}","templated":true}]}}